{"id":11483,"date":"2025-08-14T21:16:33","date_gmt":"2025-08-14T21:16:33","guid":{"rendered":"https:\/\/www.providers.com.ar\/?page_id=11483"},"modified":"2026-03-19T18:55:29","modified_gmt":"2026-03-19T18:55:29","slug":"contacto-2","status":"publish","type":"page","link":"https:\/\/www.providers.com.ar\/?page_id=11483","title":{"rendered":"Contacto"},"content":{"rendered":"\t\t<div data-elementor-type=\"wp-page\" data-elementor-id=\"11483\" class=\"elementor elementor-11483\">\n\t\t\t\t\t\t<section class=\"elementor-section elementor-top-section elementor-element elementor-element-379f0fab elementor-section-full_width elementor-hidden-tablet elementor-hidden-mobile elementor-section-height-default elementor-section-height-default wpr-particle-no wpr-jarallax-no wpr-parallax-no wpr-sticky-section-no\" data-id=\"379f0fab\" data-element_type=\"section\" data-settings=\"{&quot;background_background&quot;:&quot;classic&quot;}\">\n\t\t\t\t\t\t<div class=\"elementor-container elementor-column-gap-default\">\n\t\t\t\t\t<div class=\"elementor-column elementor-col-20 elementor-top-column elementor-element elementor-element-4012f0f1 elementor-hidden-tablet elementor-hidden-mobile\" data-id=\"4012f0f1\" data-element_type=\"column\">\n\t\t\t<div class=\"elementor-widget-wrap elementor-element-populated\">\n\t\t\t\t\t\t<div class=\"elementor-element elementor-element-3a08211e elementor-widget__width-inherit elementor-widget elementor-widget-image\" data-id=\"3a08211e\" data-element_type=\"widget\" data-widget_type=\"image.default\">\n\t\t\t\t<div class=\"elementor-widget-container\">\n\t\t\t\t\t\t\t\t\t\t\t\t\t\t<a href=\"https:\/\/www.providers.com.ar\/index.php\">\n\t\t\t\t\t\t\t<img decoding=\"async\" width=\"300\" height=\"112\" src=\"https:\/\/www.providers.com.ar\/wp-content\/uploads\/2023\/02\/cropped-Sin-titulo-2-300x112.png\" class=\"attachment-medium size-medium wp-image-11112\" alt=\"\" srcset=\"https:\/\/www.providers.com.ar\/wp-content\/uploads\/2023\/02\/cropped-Sin-titulo-2-300x112.png 300w, https:\/\/www.providers.com.ar\/wp-content\/uploads\/2023\/02\/cropped-Sin-titulo-2-1024x381.png 1024w, https:\/\/www.providers.com.ar\/wp-content\/uploads\/2023\/02\/cropped-Sin-titulo-2-768x286.png 768w, https:\/\/www.providers.com.ar\/wp-content\/uploads\/2023\/02\/cropped-Sin-titulo-2-1536x571.png 1536w, https:\/\/www.providers.com.ar\/wp-content\/uploads\/2023\/02\/cropped-Sin-titulo-2.png 1600w\" sizes=\"(max-width: 300px) 100vw, 300px\" \/>\t\t\t\t\t\t\t\t<\/a>\n\t\t\t\t\t\t\t\t\t\t\t\t\t<\/div>\n\t\t\t\t<\/div>\n\t\t\t\t\t<\/div>\n\t\t<\/div>\n\t\t\t\t<div class=\"elementor-column elementor-col-20 elementor-top-column elementor-element elementor-element-281c88b1\" data-id=\"281c88b1\" data-element_type=\"column\">\n\t\t\t<div class=\"elementor-widget-wrap elementor-element-populated\">\n\t\t\t\t\t\t<div class=\"elementor-element elementor-element-7e9b07af elementor-align-center elementor-widget elementor-widget-button\" data-id=\"7e9b07af\" data-element_type=\"widget\" data-widget_type=\"button.default\">\n\t\t\t\t<div class=\"elementor-widget-container\">\n\t\t\t\t\t<div class=\"elementor-button-wrapper\">\n\t\t\t<a class=\"elementor-button elementor-button-link elementor-size-sm\" href=\"#\">\n\t\t\t\t\t\t<span class=\"elementor-button-content-wrapper\">\n\t\t\t\t\t\t\t\t\t<span class=\"elementor-button-text\">HOGAR<\/span>\n\t\t\t\t\t<\/span>\n\t\t\t\t\t<\/a>\n\t\t<\/div>\n\t\t\t\t<\/div>\n\t\t\t\t<\/div>\n\t\t\t\t\t<\/div>\n\t\t<\/div>\n\t\t\t\t<div class=\"elementor-column elementor-col-20 elementor-top-column elementor-element elementor-element-7c48aebd\" data-id=\"7c48aebd\" data-element_type=\"column\">\n\t\t\t<div class=\"elementor-widget-wrap elementor-element-populated\">\n\t\t\t\t\t\t<div class=\"elementor-element elementor-element-3f10e11 wpr-main-menu-align-center wpr-sub-icon-none wpr-main-menu-align--tabletleft wpr-main-menu-align--mobileleft wpr-pointer-underline wpr-pointer-line-fx wpr-pointer-fx-fade wpr-sub-menu-fx-fade wpr-nav-menu-bp-mobile wpr-mobile-menu-full-width wpr-mobile-menu-item-align-center wpr-mobile-toggle-v1 wpr-mobile-divider-yes elementor-widget elementor-widget-wpr-nav-menu\" data-id=\"3f10e11\" data-element_type=\"widget\" data-settings=\"{&quot;menu_layout&quot;:&quot;horizontal&quot;}\" data-widget_type=\"wpr-nav-menu.default\">\n\t\t\t\t<div class=\"elementor-widget-container\">\n\t\t\t<nav class=\"wpr-nav-menu-container wpr-nav-menu-horizontal\" data-trigger=\"hover\"><ul id=\"menu-1-3f10e11\" class=\"wpr-nav-menu\"><li class=\"menu-item menu-item-type-post_type menu-item-object-page menu-item-has-children menu-item-11502\"><a href=\"https:\/\/www.providers.com.ar\/?page_id=11500\" class=\"wpr-menu-item wpr-pointer-item\">AYUDA<i class=\"wpr-sub-icon fas\" aria-hidden=\"true\"><\/i><\/a>\n<ul class=\"sub-menu wpr-sub-menu\">\n\t<li class=\"menu-item menu-item-type-post_type menu-item-object-page menu-item-11492\"><a href=\"https:\/\/www.providers.com.ar\/?page_id=11483\" class=\"wpr-sub-menu-item\">Contacto<\/a><\/li>\n\t<li class=\"menu-item menu-item-type-post_type menu-item-object-page menu-item-11550\"><a href=\"https:\/\/www.providers.com.ar\/?page_id=11521\" class=\"wpr-sub-menu-item\">Devoluci\u00f3n de equipos<\/a><\/li>\n<\/ul>\n<\/li>\n<\/ul><\/nav><nav class=\"wpr-mobile-nav-menu-container\"><div class=\"wpr-mobile-toggle-wrap\"><div class=\"wpr-mobile-toggle\"><span class=\"wpr-mobile-toggle-line\"><\/span><span class=\"wpr-mobile-toggle-line\"><\/span><span class=\"wpr-mobile-toggle-line\"><\/span><\/div><\/div><ul id=\"mobile-menu-2-3f10e11\" class=\"wpr-mobile-nav-menu\"><li class=\"menu-item menu-item-type-post_type menu-item-object-page menu-item-has-children menu-item-11502\"><a href=\"https:\/\/www.providers.com.ar\/?page_id=11500\" class=\"wpr-mobile-menu-item\">AYUDA<\/a>\n<ul class=\"sub-menu wpr-sub-menu\">\n\t<li class=\"menu-item menu-item-type-post_type menu-item-object-page menu-item-11492\"><a href=\"https:\/\/www.providers.com.ar\/?page_id=11483\" class=\"wpr-mobile-sub-menu-item\">Contacto<\/a><\/li>\n\t<li class=\"menu-item menu-item-type-post_type menu-item-object-page menu-item-11550\"><a href=\"https:\/\/www.providers.com.ar\/?page_id=11521\" class=\"wpr-mobile-sub-menu-item\">Devoluci\u00f3n de equipos<\/a><\/li>\n<\/ul>\n<\/li>\n<\/ul><\/nav>\t\t<\/div>\n\t\t\t\t<\/div>\n\t\t\t\t\t<\/div>\n\t\t<\/div>\n\t\t\t\t<div class=\"elementor-column elementor-col-20 elementor-top-column elementor-element elementor-element-28636705\" data-id=\"28636705\" data-element_type=\"column\">\n\t\t\t<div class=\"elementor-widget-wrap elementor-element-populated\">\n\t\t\t\t\t\t<div class=\"elementor-element elementor-element-654c07ce elementor-align-center elementor-widget elementor-widget-button\" data-id=\"654c07ce\" data-element_type=\"widget\" data-widget_type=\"button.default\">\n\t\t\t\t<div class=\"elementor-widget-container\">\n\t\t\t\t\t<div class=\"elementor-button-wrapper\">\n\t\t\t<a class=\"elementor-button elementor-button-link elementor-size-sm\" href=\"#\">\n\t\t\t\t\t\t<span class=\"elementor-button-content-wrapper\">\n\t\t\t\t\t\t\t\t\t<span class=\"elementor-button-text\">EMPRESA<\/span>\n\t\t\t\t\t<\/span>\n\t\t\t\t\t<\/a>\n\t\t<\/div>\n\t\t\t\t<\/div>\n\t\t\t\t<\/div>\n\t\t\t\t\t<\/div>\n\t\t<\/div>\n\t\t\t\t<div class=\"elementor-column elementor-col-20 elementor-top-column elementor-element elementor-element-1f07d3eb\" data-id=\"1f07d3eb\" data-element_type=\"column\">\n\t\t\t<div class=\"elementor-widget-wrap elementor-element-populated\">\n\t\t\t\t\t\t<div class=\"elementor-element elementor-element-be020e2 elementor-align-center elementor-widget elementor-widget-button\" data-id=\"be020e2\" data-element_type=\"widget\" data-widget_type=\"button.default\">\n\t\t\t\t<div class=\"elementor-widget-container\">\n\t\t\t\t\t<div class=\"elementor-button-wrapper\">\n\t\t\t<a class=\"elementor-button elementor-button-link elementor-size-sm\" href=\"http:\/\/www.providers.com.ar\/cuenta2.aspx\">\n\t\t\t\t\t\t<span class=\"elementor-button-content-wrapper\">\n\t\t\t\t\t\t\t\t\t<span class=\"elementor-button-text\">INICIAR SESION<\/span>\n\t\t\t\t\t<\/span>\n\t\t\t\t\t<\/a>\n\t\t<\/div>\n\t\t\t\t<\/div>\n\t\t\t\t<\/div>\n\t\t\t\t\t<\/div>\n\t\t<\/div>\n\t\t\t\t\t<\/div>\n\t\t<\/section>\n\t\t\t\t<section class=\"elementor-section elementor-top-section elementor-element elementor-element-9a06a64 elementor-section-boxed elementor-section-height-default elementor-section-height-default wpr-particle-no wpr-jarallax-no wpr-parallax-no wpr-sticky-section-no\" data-id=\"9a06a64\" data-element_type=\"section\">\n\t\t\t\t\t\t<div class=\"elementor-container elementor-column-gap-default\">\n\t\t\t\t\t<div class=\"elementor-column elementor-col-100 elementor-top-column elementor-element elementor-element-be67af1\" data-id=\"be67af1\" data-element_type=\"column\">\n\t\t\t<div class=\"elementor-widget-wrap\">\n\t\t\t\t\t\t\t<\/div>\n\t\t<\/div>\n\t\t\t\t\t<\/div>\n\t\t<\/section>\n\t\t\t\t<section class=\"elementor-section elementor-top-section elementor-element elementor-element-4dd0848 elementor-section-boxed elementor-section-height-default elementor-section-height-default wpr-particle-no wpr-jarallax-no wpr-parallax-no wpr-sticky-section-no\" data-id=\"4dd0848\" data-element_type=\"section\">\n\t\t\t\t\t\t<div class=\"elementor-container elementor-column-gap-default\">\n\t\t\t\t\t<div class=\"elementor-column elementor-col-100 elementor-top-column elementor-element elementor-element-6b44e37\" data-id=\"6b44e37\" data-element_type=\"column\">\n\t\t\t<div class=\"elementor-widget-wrap elementor-element-populated\">\n\t\t\t\t\t\t<div class=\"elementor-element elementor-element-c89d68a elementor-widget elementor-widget-heading\" data-id=\"c89d68a\" data-element_type=\"widget\" data-widget_type=\"heading.default\">\n\t\t\t\t<div class=\"elementor-widget-container\">\n\t\t\t<h2 class=\"elementor-heading-title elementor-size-default\">Atenci\u00f3n al cliente<\/h2>\t\t<\/div>\n\t\t\t\t<\/div>\n\t\t\t\t\t<\/div>\n\t\t<\/div>\n\t\t\t\t\t<\/div>\n\t\t<\/section>\n\t\t\t\t<section class=\"elementor-section elementor-top-section elementor-element elementor-element-018a0b1 elementor-section-boxed elementor-section-height-default elementor-section-height-default wpr-particle-no wpr-jarallax-no wpr-parallax-no wpr-sticky-section-no\" data-id=\"018a0b1\" data-element_type=\"section\">\n\t\t\t\t\t\t<div class=\"elementor-container elementor-column-gap-default\">\n\t\t\t\t\t<div class=\"elementor-column elementor-col-100 elementor-top-column elementor-element elementor-element-d8bb069\" data-id=\"d8bb069\" data-element_type=\"column\">\n\t\t\t<div class=\"elementor-widget-wrap elementor-element-populated\">\n\t\t\t\t\t\t<div class=\"elementor-element elementor-element-2ddb6b3 elementor-widget elementor-widget-heading\" data-id=\"2ddb6b3\" data-element_type=\"widget\" data-widget_type=\"heading.default\">\n\t\t\t\t<div class=\"elementor-widget-container\">\n\t\t\t<h2 class=\"elementor-heading-title elementor-size-default\">0800 555 9434<br>381 330 1011<\/h2>\t\t<\/div>\n\t\t\t\t<\/div>\n\t\t\t\t\t<\/div>\n\t\t<\/div>\n\t\t\t\t\t<\/div>\n\t\t<\/section>\n\t\t\t\t<section class=\"elementor-section elementor-top-section elementor-element elementor-element-c718fae elementor-section-boxed elementor-section-height-default elementor-section-height-default wpr-particle-no wpr-jarallax-no wpr-parallax-no wpr-sticky-section-no\" data-id=\"c718fae\" data-element_type=\"section\">\n\t\t\t\t\t\t<div class=\"elementor-container elementor-column-gap-default\">\n\t\t\t\t\t<div class=\"elementor-column elementor-col-100 elementor-top-column elementor-element elementor-element-bf88bbb\" data-id=\"bf88bbb\" data-element_type=\"column\">\n\t\t\t<div class=\"elementor-widget-wrap elementor-element-populated\">\n\t\t\t\t\t\t<div class=\"elementor-element elementor-element-59c81e0 elementor-widget elementor-widget-heading\" data-id=\"59c81e0\" data-element_type=\"widget\" data-widget_type=\"heading.default\">\n\t\t\t\t<div class=\"elementor-widget-container\">\n\t\t\t<h2 class=\"elementor-heading-title elementor-size-default\">Horario de atenci\u00f3n del call center<\/h2>\t\t<\/div>\n\t\t\t\t<\/div>\n\t\t\t\t<div class=\"elementor-element elementor-element-fc70c8f elementor-widget elementor-widget-heading\" data-id=\"fc70c8f\" data-element_type=\"widget\" data-widget_type=\"heading.default\">\n\t\t\t\t<div class=\"elementor-widget-container\">\n\t\t\t<h2 class=\"elementor-heading-title elementor-size-default\">Lunes a Viernes de 09:00 a 22:00<br>S\u00e1bados de 09:00 a 20:00<br>Domingo de 10:00 a 14:00<br>Feriados de 10:00 a 17:00<\/h2>\t\t<\/div>\n\t\t\t\t<\/div>\n\t\t\t\t\t<\/div>\n\t\t<\/div>\n\t\t\t\t\t<\/div>\n\t\t<\/section>\n\t\t\t\t<section class=\"elementor-section elementor-top-section elementor-element elementor-element-d7ab571 elementor-section-boxed elementor-section-height-default elementor-section-height-default wpr-particle-no wpr-jarallax-no wpr-parallax-no wpr-sticky-section-no\" data-id=\"d7ab571\" data-element_type=\"section\">\n\t\t\t\t\t\t<div class=\"elementor-container elementor-column-gap-default\">\n\t\t\t\t\t<div class=\"elementor-column elementor-col-100 elementor-top-column elementor-element elementor-element-9efb7b7\" data-id=\"9efb7b7\" data-element_type=\"column\">\n\t\t\t<div class=\"elementor-widget-wrap\">\n\t\t\t\t\t\t\t<\/div>\n\t\t<\/div>\n\t\t\t\t\t<\/div>\n\t\t<\/section>\n\t\t\t\t<section class=\"elementor-section elementor-top-section elementor-element elementor-element-7390beb elementor-section-boxed elementor-section-height-default elementor-section-height-default wpr-particle-no wpr-jarallax-no wpr-parallax-no wpr-sticky-section-no\" data-id=\"7390beb\" data-element_type=\"section\">\n\t\t\t\t\t\t<div class=\"elementor-container elementor-column-gap-default\">\n\t\t\t\t\t<div class=\"elementor-column elementor-col-100 elementor-top-column elementor-element elementor-element-1b68c2d\" data-id=\"1b68c2d\" data-element_type=\"column\">\n\t\t\t<div class=\"elementor-widget-wrap elementor-element-populated\">\n\t\t\t\t\t\t\t<\/div>\n\t\t<\/div>\n\t\t\t\t\t<\/div>\n\t\t<\/section>\n\t\t\t\t<\/div>\n\t\t","protected":false},"excerpt":{"rendered":"<p>HOGAR AYUDA Contacto Devoluci\u00f3n de equipos AYUDA Contacto Devoluci\u00f3n de equipos EMPRESA INICIAR SESION Atenci\u00f3n al cliente 0800 555 9434381 330 1011 Horario de atenci\u00f3n del call center Lunes a Viernes de 09:00 a 22:00S\u00e1bados de 09:00 a 20:00Domingo de 10:00 a 14:00Feriados de 10:00 a 17:00<\/p>\n","protected":false},"author":4,"featured_media":0,"parent":0,"menu_order":0,"comment_status":"closed","ping_status":"closed","template":"template-page-builder-no-header-footer.php","meta":{"_joinchat":[],"footnotes":""},"categories":[],"tags":[],"class_list":["post-11483","page","type-page","status-publish","hentry"],"yoast_head":"<!-- This site is optimized with the Yoast SEO plugin v25.5 - https:\/\/yoast.com\/wordpress\/plugins\/seo\/ -->\r\n<title>Contacto - Providers<\/title>\r\n<meta name=\"robots\" content=\"index, follow, max-snippet:-1, max-image-preview:large, max-video-preview:-1\" \/>\r\n<link rel=\"canonical\" href=\"https:\/\/www.providers.com.ar\/?page_id=11483\" \/>\r\n<meta property=\"og:locale\" content=\"es_ES\" \/>\r\n<meta property=\"og:type\" content=\"article\" \/>\r\n<meta property=\"og:title\" content=\"Contacto - Providers\" \/>\r\n<meta property=\"og:description\" content=\"HOGAR AYUDA Contacto Devoluci\u00f3n de equipos AYUDA Contacto Devoluci\u00f3n de equipos EMPRESA INICIAR SESION Atenci\u00f3n al cliente 0800 555 9434381 330 1011 Horario de atenci\u00f3n del call center Lunes a Viernes de 09:00 a 22:00S\u00e1bados de 09:00 a 20:00Domingo de 10:00 a 14:00Feriados de 10:00 a 17:00\" \/>\r\n<meta property=\"og:url\" content=\"https:\/\/www.providers.com.ar\/?page_id=11483\" \/>\r\n<meta property=\"og:site_name\" content=\"Providers\" \/>\r\n<meta property=\"article:modified_time\" content=\"2026-03-19T18:55:29+00:00\" \/>\r\n<meta property=\"og:image\" content=\"https:\/\/www.providers.com.ar\/wp-content\/uploads\/2023\/02\/cropped-Sin-titulo-2.png\" \/>\r\n\t<meta property=\"og:image:width\" content=\"1600\" \/>\r\n\t<meta property=\"og:image:height\" content=\"595\" \/>\r\n\t<meta property=\"og:image:type\" content=\"image\/png\" \/>\r\n<meta name=\"twitter:card\" content=\"summary_large_image\" \/>\r\n<meta name=\"twitter:label1\" content=\"Tiempo de lectura\" \/>\n\t<meta name=\"twitter:data1\" content=\"1 minuto\" \/>\r\n<script type=\"application\/ld+json\" class=\"yoast-schema-graph\">{\"@context\":\"https:\/\/schema.org\",\"@graph\":[{\"@type\":\"WebPage\",\"@id\":\"https:\/\/www.providers.com.ar\/?page_id=11483\",\"url\":\"https:\/\/www.providers.com.ar\/?page_id=11483\",\"name\":\"Contacto - Providers\",\"isPartOf\":{\"@id\":\"https:\/\/www.providers.com.ar\/#website\"},\"primaryImageOfPage\":{\"@id\":\"https:\/\/www.providers.com.ar\/?page_id=11483#primaryimage\"},\"image\":{\"@id\":\"https:\/\/www.providers.com.ar\/?page_id=11483#primaryimage\"},\"thumbnailUrl\":\"https:\/\/www.providers.com.ar\/wp-content\/uploads\/2023\/02\/cropped-Sin-titulo-2-300x112.png\",\"datePublished\":\"2025-08-14T21:16:33+00:00\",\"dateModified\":\"2026-03-19T18:55:29+00:00\",\"breadcrumb\":{\"@id\":\"https:\/\/www.providers.com.ar\/?page_id=11483#breadcrumb\"},\"inLanguage\":\"es\",\"potentialAction\":[{\"@type\":\"ReadAction\",\"target\":[\"https:\/\/www.providers.com.ar\/?page_id=11483\"]}]},{\"@type\":\"ImageObject\",\"inLanguage\":\"es\",\"@id\":\"https:\/\/www.providers.com.ar\/?page_id=11483#primaryimage\",\"url\":\"https:\/\/www.providers.com.ar\/wp-content\/uploads\/2023\/02\/cropped-Sin-titulo-2.png\",\"contentUrl\":\"https:\/\/www.providers.com.ar\/wp-content\/uploads\/2023\/02\/cropped-Sin-titulo-2.png\",\"width\":1600,\"height\":595},{\"@type\":\"BreadcrumbList\",\"@id\":\"https:\/\/www.providers.com.ar\/?page_id=11483#breadcrumb\",\"itemListElement\":[{\"@type\":\"ListItem\",\"position\":1,\"name\":\"Portada\",\"item\":\"https:\/\/www.providers.com.ar\/\"},{\"@type\":\"ListItem\",\"position\":2,\"name\":\"Contacto\"}]},{\"@type\":\"WebSite\",\"@id\":\"https:\/\/www.providers.com.ar\/#website\",\"url\":\"https:\/\/www.providers.com.ar\/\",\"name\":\"Providers\",\"description\":\"\",\"publisher\":{\"@id\":\"https:\/\/www.providers.com.ar\/#organization\"},\"potentialAction\":[{\"@type\":\"SearchAction\",\"target\":{\"@type\":\"EntryPoint\",\"urlTemplate\":\"https:\/\/www.providers.com.ar\/?s={search_term_string}\"},\"query-input\":{\"@type\":\"PropertyValueSpecification\",\"valueRequired\":true,\"valueName\":\"search_term_string\"}}],\"inLanguage\":\"es\"},{\"@type\":\"Organization\",\"@id\":\"https:\/\/www.providers.com.ar\/#organization\",\"name\":\"Providers\",\"url\":\"https:\/\/www.providers.com.ar\/\",\"logo\":{\"@type\":\"ImageObject\",\"inLanguage\":\"es\",\"@id\":\"https:\/\/www.providers.com.ar\/#\/schema\/logo\/image\/\",\"url\":\"https:\/\/www.providers.com.ar\/wp-content\/uploads\/2022\/02\/cropped-logoProv.png\",\"contentUrl\":\"https:\/\/www.providers.com.ar\/wp-content\/uploads\/2022\/02\/cropped-logoProv.png\",\"width\":1799,\"height\":633,\"caption\":\"Providers\"},\"image\":{\"@id\":\"https:\/\/www.providers.com.ar\/#\/schema\/logo\/image\/\"}}]}<\/script>\r\n<!-- \/ Yoast SEO plugin. -->","yoast_head_json":{"title":"Contacto - Providers","robots":{"index":"index","follow":"follow","max-snippet":"max-snippet:-1","max-image-preview":"max-image-preview:large","max-video-preview":"max-video-preview:-1"},"canonical":"https:\/\/www.providers.com.ar\/?page_id=11483","og_locale":"es_ES","og_type":"article","og_title":"Contacto - Providers","og_description":"HOGAR AYUDA Contacto Devoluci\u00f3n de equipos AYUDA Contacto Devoluci\u00f3n de equipos EMPRESA INICIAR SESION Atenci\u00f3n al cliente 0800 555 9434381 330 1011 Horario de atenci\u00f3n del call center Lunes a Viernes de 09:00 a 22:00S\u00e1bados de 09:00 a 20:00Domingo de 10:00 a 14:00Feriados de 10:00 a 17:00","og_url":"https:\/\/www.providers.com.ar\/?page_id=11483","og_site_name":"Providers","article_modified_time":"2026-03-19T18:55:29+00:00","og_image":[{"width":1600,"height":595,"url":"https:\/\/www.providers.com.ar\/wp-content\/uploads\/2023\/02\/cropped-Sin-titulo-2.png","type":"image\/png"}],"twitter_card":"summary_large_image","twitter_misc":{"Tiempo de lectura":"1 minuto"},"schema":{"@context":"https:\/\/schema.org","@graph":[{"@type":"WebPage","@id":"https:\/\/www.providers.com.ar\/?page_id=11483","url":"https:\/\/www.providers.com.ar\/?page_id=11483","name":"Contacto - Providers","isPartOf":{"@id":"https:\/\/www.providers.com.ar\/#website"},"primaryImageOfPage":{"@id":"https:\/\/www.providers.com.ar\/?page_id=11483#primaryimage"},"image":{"@id":"https:\/\/www.providers.com.ar\/?page_id=11483#primaryimage"},"thumbnailUrl":"https:\/\/www.providers.com.ar\/wp-content\/uploads\/2023\/02\/cropped-Sin-titulo-2-300x112.png","datePublished":"2025-08-14T21:16:33+00:00","dateModified":"2026-03-19T18:55:29+00:00","breadcrumb":{"@id":"https:\/\/www.providers.com.ar\/?page_id=11483#breadcrumb"},"inLanguage":"es","potentialAction":[{"@type":"ReadAction","target":["https:\/\/www.providers.com.ar\/?page_id=11483"]}]},{"@type":"ImageObject","inLanguage":"es","@id":"https:\/\/www.providers.com.ar\/?page_id=11483#primaryimage","url":"https:\/\/www.providers.com.ar\/wp-content\/uploads\/2023\/02\/cropped-Sin-titulo-2.png","contentUrl":"https:\/\/www.providers.com.ar\/wp-content\/uploads\/2023\/02\/cropped-Sin-titulo-2.png","width":1600,"height":595},{"@type":"BreadcrumbList","@id":"https:\/\/www.providers.com.ar\/?page_id=11483#breadcrumb","itemListElement":[{"@type":"ListItem","position":1,"name":"Portada","item":"https:\/\/www.providers.com.ar\/"},{"@type":"ListItem","position":2,"name":"Contacto"}]},{"@type":"WebSite","@id":"https:\/\/www.providers.com.ar\/#website","url":"https:\/\/www.providers.com.ar\/","name":"Providers","description":"","publisher":{"@id":"https:\/\/www.providers.com.ar\/#organization"},"potentialAction":[{"@type":"SearchAction","target":{"@type":"EntryPoint","urlTemplate":"https:\/\/www.providers.com.ar\/?s={search_term_string}"},"query-input":{"@type":"PropertyValueSpecification","valueRequired":true,"valueName":"search_term_string"}}],"inLanguage":"es"},{"@type":"Organization","@id":"https:\/\/www.providers.com.ar\/#organization","name":"Providers","url":"https:\/\/www.providers.com.ar\/","logo":{"@type":"ImageObject","inLanguage":"es","@id":"https:\/\/www.providers.com.ar\/#\/schema\/logo\/image\/","url":"https:\/\/www.providers.com.ar\/wp-content\/uploads\/2022\/02\/cropped-logoProv.png","contentUrl":"https:\/\/www.providers.com.ar\/wp-content\/uploads\/2022\/02\/cropped-logoProv.png","width":1799,"height":633,"caption":"Providers"},"image":{"@id":"https:\/\/www.providers.com.ar\/#\/schema\/logo\/image\/"}}]}},"_links":{"self":[{"href":"https:\/\/www.providers.com.ar\/index.php?rest_route=\/wp\/v2\/pages\/11483","targetHints":{"allow":["GET"]}}],"collection":[{"href":"https:\/\/www.providers.com.ar\/index.php?rest_route=\/wp\/v2\/pages"}],"about":[{"href":"https:\/\/www.providers.com.ar\/index.php?rest_route=\/wp\/v2\/types\/page"}],"author":[{"embeddable":true,"href":"https:\/\/www.providers.com.ar\/index.php?rest_route=\/wp\/v2\/users\/4"}],"replies":[{"embeddable":true,"href":"https:\/\/www.providers.com.ar\/index.php?rest_route=%2Fwp%2Fv2%2Fcomments&post=11483"}],"version-history":[{"count":58,"href":"https:\/\/www.providers.com.ar\/index.php?rest_route=\/wp\/v2\/pages\/11483\/revisions"}],"predecessor-version":[{"id":11585,"href":"https:\/\/www.providers.com.ar\/index.php?rest_route=\/wp\/v2\/pages\/11483\/revisions\/11585"}],"wp:attachment":[{"href":"https:\/\/www.providers.com.ar\/index.php?rest_route=%2Fwp%2Fv2%2Fmedia&parent=11483"}],"wp:term":[{"taxonomy":"category","embeddable":true,"href":"https:\/\/www.providers.com.ar\/index.php?rest_route=%2Fwp%2Fv2%2Fcategories&post=11483"},{"taxonomy":"post_tag","embeddable":true,"href":"https:\/\/www.providers.com.ar\/index.php?rest_route=%2Fwp%2Fv2%2Ftags&post=11483"}],"curies":[{"name":"wp","href":"https:\/\/api.w.org\/{rel}","templated":true}]}}