{"id":6,"date":"2022-02-21T14:09:35","date_gmt":"2022-02-21T14:09:35","guid":{"rendered":"http:\/\/localhost:50101\/?page_id=6"},"modified":"2022-06-01T17:42:35","modified_gmt":"2022-06-01T17:42:35","slug":"el-nuevo-umoma-abre-sus-puertas-2","status":"publish","type":"page","link":"https:\/\/www.providers.com.ar\/?page_id=6","title":{"rendered":"El nuevo UMoMA abre sus puertas"},"content":{"rendered":"<div class=\"wp-block-group alignwide\"><div class=\"wp-block-group__inner-container is-layout-flow wp-block-group-is-layout-flow\"><h2 class=\"has-text-align-center wp-block-heading\">El principal destino para el arte moderno en el norte de Suecia. Abierto de 10:00 a 18:00 h. todos los d\u00edas durante los meses de verano.<\/h2><\/div><\/div><div class=\"wp-block-columns alignwide is-layout-flex wp-container-core-columns-is-layout-9d6595d7 wp-block-columns-is-layout-flex\"><div class=\"wp-block-column is-layout-flow wp-block-column-is-layout-flow\"><div class=\"wp-block-group\"><div class=\"wp-block-group__inner-container is-layout-flow wp-block-group-is-layout-flow\"><figure class=\"wp-block-image alignfull size-full\"><img decoding=\"async\" src=\"http:\/\/localhost:50101\/wp-content\/uploads\/2022\/06\/dummy.jpg\" alt=\"\" class=\"wp-image-37\"\/><\/figure><h3 class=\"wp-block-heading\">Obras y d\u00edas<\/h3><p>1 de Agosto &#8212; 1 de Diciembre<\/p><div class=\"wp-block-button is-style-outline is-style-outline--1\"><a class=\"wp-block-button__link\" href=\"https:\/\/make.wordpress.org\/core\/2019\/09\/27\/block-editor-theme-related-updates-in-wordpress-5-3\/\">Leer m\u00e1s<\/a><\/div><\/div><\/div><div class=\"wp-block-group\"><div class=\"wp-block-group__inner-container is-layout-flow wp-block-group-is-layout-flow\"><figure class=\"wp-block-image alignfull size-full\"><img decoding=\"async\" src=\"http:\/\/localhost:50101\/wp-content\/uploads\/2022\/06\/dummy.jpg\" alt=\"\" class=\"wp-image-37\"\/><\/figure><h3 class=\"wp-block-heading\">Teatro de operaciones<\/h3><p>1 de Octubre &#8212; 1 de Diciembre<\/p><div class=\"wp-block-button is-style-outline is-style-outline--2\"><a class=\"wp-block-button__link\" href=\"https:\/\/make.wordpress.org\/core\/2019\/09\/27\/block-editor-theme-related-updates-in-wordpress-5-3\/\">Leer m\u00e1s<\/a><\/div><\/div><\/div><\/div><div class=\"wp-block-column is-layout-flow wp-block-column-is-layout-flow\"><div class=\"wp-block-group\"><div class=\"wp-block-group__inner-container is-layout-flow wp-block-group-is-layout-flow\"><figure class=\"wp-block-image alignfull size-full\"><img decoding=\"async\" src=\"http:\/\/localhost:50101\/wp-content\/uploads\/2022\/06\/dummy.jpg\" alt=\"\" class=\"wp-image-37\"\/><\/figure><h3 class=\"wp-block-heading\">La vida que me merezco<\/h3><p>1 de Agosto &#8212; 1 de Diciembre<\/p><div class=\"wp-block-button is-style-outline is-style-outline--3\"><a class=\"wp-block-button__link\" href=\"https:\/\/make.wordpress.org\/core\/2019\/09\/27\/block-editor-theme-related-updates-in-wordpress-5-3\/\">Leer m\u00e1s<\/a><\/div><\/div><\/div><div class=\"wp-block-group\"><div class=\"wp-block-group__inner-container is-layout-flow wp-block-group-is-layout-flow\"><figure class=\"wp-block-image alignfull size-full\"><img decoding=\"async\" src=\"http:\/\/localhost:50101\/wp-content\/uploads\/2022\/06\/dummy.jpg\" alt=\"\" class=\"wp-image-37\"\/><\/figure><h3 class=\"wp-block-heading\">Desde Signac a Matisse<\/h3><p>1 de Octubre &#8212; 1 de Diciembre<\/p><div class=\"wp-block-button is-style-outline is-style-outline--4\"><a class=\"wp-block-button__link\" href=\"https:\/\/make.wordpress.org\/core\/2019\/09\/27\/block-editor-theme-related-updates-in-wordpress-5-3\/\">Leer m\u00e1s<\/a><\/div><\/div><\/div><\/div><\/div><figure class=\"wp-block-image alignfull size-full\"><img decoding=\"async\" src=\"http:\/\/localhost:50101\/wp-content\/uploads\/2022\/06\/dummy.jpg\" alt=\"\" class=\"wp-image-37\"\/><\/figure><div class=\"wp-block-group alignwide\"><div class=\"wp-block-group__inner-container is-layout-flow wp-block-group-is-layout-flow\"><h2 class=\"has-accent-color has-text-align-center wp-block-heading\">\u00abLos c\u00edborgs, como estableci\u00f3 la fil\u00f3sofa Donna Haraway, no son reverentes. No recuerdan el cosmos\u00bb.<\/h2><\/div><\/div><p class=\"has-drop-cap\">Con siete pisos de arquitectura impresionante, UMoMA muestra exposiciones de arte contempor\u00e1neo internacional, a veces junto con retrospectivas hist\u00f3ricas del arte. Los problemas existenciales, pol\u00edticos y filos\u00f3ficos son intr\u00ednsecos a nuestro programa. Como visitante, est\u00e1s invitado a visitas guiadas, charlas de artistas, conferencias, proyecciones de pel\u00edculas y otros eventos con entrada gratuita<\/p><p>Las exposiciones son realizadas por UMoMA en colaboraci\u00f3n con artistas y museos de todo el mundo y, a menudo, atraen la atenci\u00f3n internacional. UMoMA ha recibido una menci\u00f3n especial del Museo Europeo del A\u00f1o y ha sido uno de los principales candidatos al Premio Sueco al Museo del A\u00f1o, as\u00ed como al Premio del Consejo de Europa.<\/p><p><\/p><div class=\"wp-block-group alignwide has-background\" style=\"background-color:#ffffff\"><div class=\"wp-block-group__inner-container is-layout-flow wp-block-group-is-layout-flow\"><div class=\"wp-block-group\"><div class=\"wp-block-group__inner-container is-layout-flow wp-block-group-is-layout-flow\"><h2 class=\"has-text-align-center wp-block-heading\">\u00a1Hazte miembro y obt\u00e9n ofertas exclusivas!<\/h2><p class=\"has-text-align-center\">Los miembros obtienen acceso a exhibiciones y ventas exclusivas. Nuestra membres\u00eda cuesta 99,99 $ y es facturada anualmente.<\/p><div class=\"wp-block-button aligncenter\"><a class=\"wp-block-button__link\" href=\"https:\/\/make.wordpress.org\/core\/2019\/09\/27\/block-editor-theme-related-updates-in-wordpress-5-3\/\">\u00danete al club<\/a><\/div><\/div><\/div><\/div><\/div><figure class=\"wp-block-gallery alignwide columns-2 is-cropped wp-block-gallery-5 is-layout-flex wp-block-gallery-is-layout-flex\"><ul class=\"blocks-gallery-grid\"><li class=\"blocks-gallery-item\"><figure><img decoding=\"async\" src=\"http:\/\/localhost:50101\/wp-content\/uploads\/2022\/06\/dummy.jpg\" alt=\"\" data-id=\"39\" data-full-url=\"http:\/\/localhost:50101\/wp-content\/uploads\/2022\/06\/dummy.jpg\" data-link=\"assets\/images\/2020-square-2\/\" class=\"wp-image-39\"\/><\/figure><\/li><li class=\"blocks-gallery-item\"><figure><img decoding=\"async\" src=\"http:\/\/localhost:50101\/wp-content\/uploads\/2022\/06\/dummy.jpg\" alt=\"\" data-id=\"38\" data-full-url=\"http:\/\/localhost:50101\/wp-content\/uploads\/2022\/06\/dummy.jpg\" data-link=\"http:\/\/localhost:50101\/wp-content\/themes\/twentytwenty\/assets\/images\/2020-square-1\/\" class=\"wp-image-38\"\/><\/figure><\/li><\/ul><\/figure>","protected":false},"excerpt":{"rendered":"<p>El principal destino para el arte moderno en el norte de Suecia. Abierto de 10:00 a 18:00 h. todos los d\u00edas durante los meses de verano. Obras y d\u00edas 1 de Agosto &#8212; 1 de Diciembre Teatro de operaciones 1 de Octubre &#8212; 1 de Diciembre La vida que me merezco 1 de Agosto &#8212; [&hellip;]<\/p>\n<p class=\"more-link style2\"><a href=\"https:\/\/www.providers.com.ar\/?page_id=6\"  class=\"themebutton\"><span class=\"more-text\">READ MORE<\/span><span class=\"more-icon\"><i class=\"fa fa-angle-right fa-lg\"><\/i><\/span><\/a><\/p>\n","protected":false},"author":4,"featured_media":142,"parent":0,"menu_order":0,"comment_status":"closed","ping_status":"closed","template":"","meta":{"_joinchat":[],"footnotes":""},"categories":[],"tags":[],"class_list":["post-6","page","type-page","status-publish","has-post-thumbnail","hentry"],"yoast_head":"<!-- This site is optimized with the Yoast SEO plugin v25.5 - https:\/\/yoast.com\/wordpress\/plugins\/seo\/ -->\r\n<title>El nuevo UMoMA abre sus puertas - Providers<\/title>\r\n<meta name=\"robots\" content=\"index, follow, max-snippet:-1, max-image-preview:large, max-video-preview:-1\" \/>\r\n<link rel=\"canonical\" href=\"https:\/\/www.providers.com.ar\/?page_id=6\" \/>\r\n<meta property=\"og:locale\" content=\"es_ES\" \/>\r\n<meta property=\"og:type\" content=\"article\" \/>\r\n<meta property=\"og:title\" content=\"El nuevo UMoMA abre sus puertas - Providers\" \/>\r\n<meta property=\"og:description\" content=\"El principal destino para el arte moderno en el norte de Suecia. Abierto de 10:00 a 18:00 h. todos los d\u00edas durante los meses de verano. Obras y d\u00edas 1 de Agosto &#8212; 1 de Diciembre Teatro de operaciones 1 de Octubre &#8212; 1 de Diciembre La vida que me merezco 1 de Agosto &#8212; [&hellip;]READ MORE\" \/>\r\n<meta property=\"og:url\" content=\"https:\/\/www.providers.com.ar\/?page_id=6\" \/>\r\n<meta property=\"og:site_name\" content=\"Providers\" \/>\r\n<meta property=\"article:modified_time\" content=\"2022-06-01T17:42:35+00:00\" \/>\r\n<meta property=\"og:image\" content=\"https:\/\/www.providers.com.ar\/wp-content\/uploads\/2022\/06\/dummy.jpg\" \/>\r\n\t<meta property=\"og:image:width\" content=\"1600\" \/>\r\n\t<meta property=\"og:image:height\" content=\"1300\" \/>\r\n\t<meta property=\"og:image:type\" content=\"image\/jpeg\" \/>\r\n<meta name=\"twitter:card\" content=\"summary_large_image\" \/>\r\n<meta name=\"twitter:label1\" content=\"Tiempo de lectura\" \/>\n\t<meta name=\"twitter:data1\" content=\"1 minuto\" \/>\r\n<script type=\"application\/ld+json\" class=\"yoast-schema-graph\">{\"@context\":\"https:\/\/schema.org\",\"@graph\":[{\"@type\":\"WebPage\",\"@id\":\"https:\/\/www.providers.com.ar\/?page_id=6\",\"url\":\"https:\/\/www.providers.com.ar\/?page_id=6\",\"name\":\"El nuevo UMoMA abre sus puertas - Providers\",\"isPartOf\":{\"@id\":\"https:\/\/www.providers.com.ar\/#website\"},\"primaryImageOfPage\":{\"@id\":\"https:\/\/www.providers.com.ar\/?page_id=6#primaryimage\"},\"image\":{\"@id\":\"https:\/\/www.providers.com.ar\/?page_id=6#primaryimage\"},\"thumbnailUrl\":\"https:\/\/www.providers.com.ar\/wp-content\/uploads\/2022\/06\/dummy.jpg\",\"datePublished\":\"2022-02-21T14:09:35+00:00\",\"dateModified\":\"2022-06-01T17:42:35+00:00\",\"breadcrumb\":{\"@id\":\"https:\/\/www.providers.com.ar\/?page_id=6#breadcrumb\"},\"inLanguage\":\"es\",\"potentialAction\":[{\"@type\":\"ReadAction\",\"target\":[\"https:\/\/www.providers.com.ar\/?page_id=6\"]}]},{\"@type\":\"ImageObject\",\"inLanguage\":\"es\",\"@id\":\"https:\/\/www.providers.com.ar\/?page_id=6#primaryimage\",\"url\":\"https:\/\/www.providers.com.ar\/wp-content\/uploads\/2022\/06\/dummy.jpg\",\"contentUrl\":\"https:\/\/www.providers.com.ar\/wp-content\/uploads\/2022\/06\/dummy.jpg\",\"width\":1600,\"height\":1300},{\"@type\":\"BreadcrumbList\",\"@id\":\"https:\/\/www.providers.com.ar\/?page_id=6#breadcrumb\",\"itemListElement\":[{\"@type\":\"ListItem\",\"position\":1,\"name\":\"Portada\",\"item\":\"https:\/\/www.providers.com.ar\/\"},{\"@type\":\"ListItem\",\"position\":2,\"name\":\"El nuevo UMoMA abre sus puertas\"}]},{\"@type\":\"WebSite\",\"@id\":\"https:\/\/www.providers.com.ar\/#website\",\"url\":\"https:\/\/www.providers.com.ar\/\",\"name\":\"Providers\",\"description\":\"\",\"publisher\":{\"@id\":\"https:\/\/www.providers.com.ar\/#organization\"},\"potentialAction\":[{\"@type\":\"SearchAction\",\"target\":{\"@type\":\"EntryPoint\",\"urlTemplate\":\"https:\/\/www.providers.com.ar\/?s={search_term_string}\"},\"query-input\":{\"@type\":\"PropertyValueSpecification\",\"valueRequired\":true,\"valueName\":\"search_term_string\"}}],\"inLanguage\":\"es\"},{\"@type\":\"Organization\",\"@id\":\"https:\/\/www.providers.com.ar\/#organization\",\"name\":\"Providers\",\"url\":\"https:\/\/www.providers.com.ar\/\",\"logo\":{\"@type\":\"ImageObject\",\"inLanguage\":\"es\",\"@id\":\"https:\/\/www.providers.com.ar\/#\/schema\/logo\/image\/\",\"url\":\"https:\/\/www.providers.com.ar\/wp-content\/uploads\/2022\/02\/cropped-logoProv.png\",\"contentUrl\":\"https:\/\/www.providers.com.ar\/wp-content\/uploads\/2022\/02\/cropped-logoProv.png\",\"width\":1799,\"height\":633,\"caption\":\"Providers\"},\"image\":{\"@id\":\"https:\/\/www.providers.com.ar\/#\/schema\/logo\/image\/\"}}]}<\/script>\r\n<!-- \/ Yoast SEO plugin. -->","yoast_head_json":{"title":"El nuevo UMoMA abre sus puertas - Providers","robots":{"index":"index","follow":"follow","max-snippet":"max-snippet:-1","max-image-preview":"max-image-preview:large","max-video-preview":"max-video-preview:-1"},"canonical":"https:\/\/www.providers.com.ar\/?page_id=6","og_locale":"es_ES","og_type":"article","og_title":"El nuevo UMoMA abre sus puertas - Providers","og_description":"El principal destino para el arte moderno en el norte de Suecia. Abierto de 10:00 a 18:00 h. todos los d\u00edas durante los meses de verano. Obras y d\u00edas 1 de Agosto &#8212; 1 de Diciembre Teatro de operaciones 1 de Octubre &#8212; 1 de Diciembre La vida que me merezco 1 de Agosto &#8212; [&hellip;]READ MORE","og_url":"https:\/\/www.providers.com.ar\/?page_id=6","og_site_name":"Providers","article_modified_time":"2022-06-01T17:42:35+00:00","og_image":[{"width":1600,"height":1300,"url":"https:\/\/www.providers.com.ar\/wp-content\/uploads\/2022\/06\/dummy.jpg","type":"image\/jpeg"}],"twitter_card":"summary_large_image","twitter_misc":{"Tiempo de lectura":"1 minuto"},"schema":{"@context":"https:\/\/schema.org","@graph":[{"@type":"WebPage","@id":"https:\/\/www.providers.com.ar\/?page_id=6","url":"https:\/\/www.providers.com.ar\/?page_id=6","name":"El nuevo UMoMA abre sus puertas - Providers","isPartOf":{"@id":"https:\/\/www.providers.com.ar\/#website"},"primaryImageOfPage":{"@id":"https:\/\/www.providers.com.ar\/?page_id=6#primaryimage"},"image":{"@id":"https:\/\/www.providers.com.ar\/?page_id=6#primaryimage"},"thumbnailUrl":"https:\/\/www.providers.com.ar\/wp-content\/uploads\/2022\/06\/dummy.jpg","datePublished":"2022-02-21T14:09:35+00:00","dateModified":"2022-06-01T17:42:35+00:00","breadcrumb":{"@id":"https:\/\/www.providers.com.ar\/?page_id=6#breadcrumb"},"inLanguage":"es","potentialAction":[{"@type":"ReadAction","target":["https:\/\/www.providers.com.ar\/?page_id=6"]}]},{"@type":"ImageObject","inLanguage":"es","@id":"https:\/\/www.providers.com.ar\/?page_id=6#primaryimage","url":"https:\/\/www.providers.com.ar\/wp-content\/uploads\/2022\/06\/dummy.jpg","contentUrl":"https:\/\/www.providers.com.ar\/wp-content\/uploads\/2022\/06\/dummy.jpg","width":1600,"height":1300},{"@type":"BreadcrumbList","@id":"https:\/\/www.providers.com.ar\/?page_id=6#breadcrumb","itemListElement":[{"@type":"ListItem","position":1,"name":"Portada","item":"https:\/\/www.providers.com.ar\/"},{"@type":"ListItem","position":2,"name":"El nuevo UMoMA abre sus puertas"}]},{"@type":"WebSite","@id":"https:\/\/www.providers.com.ar\/#website","url":"https:\/\/www.providers.com.ar\/","name":"Providers","description":"","publisher":{"@id":"https:\/\/www.providers.com.ar\/#organization"},"potentialAction":[{"@type":"SearchAction","target":{"@type":"EntryPoint","urlTemplate":"https:\/\/www.providers.com.ar\/?s={search_term_string}"},"query-input":{"@type":"PropertyValueSpecification","valueRequired":true,"valueName":"search_term_string"}}],"inLanguage":"es"},{"@type":"Organization","@id":"https:\/\/www.providers.com.ar\/#organization","name":"Providers","url":"https:\/\/www.providers.com.ar\/","logo":{"@type":"ImageObject","inLanguage":"es","@id":"https:\/\/www.providers.com.ar\/#\/schema\/logo\/image\/","url":"https:\/\/www.providers.com.ar\/wp-content\/uploads\/2022\/02\/cropped-logoProv.png","contentUrl":"https:\/\/www.providers.com.ar\/wp-content\/uploads\/2022\/02\/cropped-logoProv.png","width":1799,"height":633,"caption":"Providers"},"image":{"@id":"https:\/\/www.providers.com.ar\/#\/schema\/logo\/image\/"}}]}},"_links":{"self":[{"href":"https:\/\/www.providers.com.ar\/index.php?rest_route=\/wp\/v2\/pages\/6","targetHints":{"allow":["GET"]}}],"collection":[{"href":"https:\/\/www.providers.com.ar\/index.php?rest_route=\/wp\/v2\/pages"}],"about":[{"href":"https:\/\/www.providers.com.ar\/index.php?rest_route=\/wp\/v2\/types\/page"}],"author":[{"embeddable":true,"href":"https:\/\/www.providers.com.ar\/index.php?rest_route=\/wp\/v2\/users\/4"}],"replies":[{"embeddable":true,"href":"https:\/\/www.providers.com.ar\/index.php?rest_route=%2Fwp%2Fv2%2Fcomments&post=6"}],"version-history":[{"count":3,"href":"https:\/\/www.providers.com.ar\/index.php?rest_route=\/wp\/v2\/pages\/6\/revisions"}],"predecessor-version":[{"id":151,"href":"https:\/\/www.providers.com.ar\/index.php?rest_route=\/wp\/v2\/pages\/6\/revisions\/151"}],"wp:featuredmedia":[{"embeddable":true,"href":"https:\/\/www.providers.com.ar\/index.php?rest_route=\/wp\/v2\/media\/142"}],"wp:attachment":[{"href":"https:\/\/www.providers.com.ar\/index.php?rest_route=%2Fwp%2Fv2%2Fmedia&parent=6"}],"wp:term":[{"taxonomy":"category","embeddable":true,"href":"https:\/\/www.providers.com.ar\/index.php?rest_route=%2Fwp%2Fv2%2Fcategories&post=6"},{"taxonomy":"post_tag","embeddable":true,"href":"https:\/\/www.providers.com.ar\/index.php?rest_route=%2Fwp%2Fv2%2Ftags&post=6"}],"curies":[{"name":"wp","href":"https:\/\/api.w.org\/{rel}","templated":true}]}}